{"id":9,"date":"2026-02-19T13:31:23","date_gmt":"2026-02-19T16:31:23","guid":{"rendered":"http:\/\/dp7.com.br\/?page_id=9"},"modified":"2026-03-17T14:44:27","modified_gmt":"2026-03-17T17:44:27","slug":"growth-marketing","status":"publish","type":"page","link":"https:\/\/dp7.com.br\/","title":{"rendered":"Site em constru\u00e7\u00e3o"},"content":{"rendered":"\t\t<div data-elementor-type=\"wp-page\" data-elementor-id=\"9\" class=\"elementor elementor-9\">\n\t\t\t\t<div class=\"elementor-element elementor-element-0710df0 e-flex e-con-boxed e-con e-parent\" data-id=\"0710df0\" data-element_type=\"container\" data-e-type=\"container\">\n\t\t\t\t\t<div class=\"e-con-inner\">\n\t\t\t\t<div class=\"elementor-element elementor-element-9868f11 elementor-widget elementor-widget-image\" data-id=\"9868f11\" data-element_type=\"widget\" data-e-type=\"widget\" data-widget_type=\"image.default\">\n\t\t\t\t<div class=\"elementor-widget-container\">\n\t\t\t\t\t\t\t\t\t\t\t\t\t\t\t<img fetchpriority=\"high\" decoding=\"async\" width=\"300\" height=\"300\" src=\"https:\/\/dp7.com.br\/wp-content\/uploads\/2026\/02\/01-gradiente-300x300.png\" class=\"attachment-medium size-medium wp-image-13\" alt=\"\" srcset=\"https:\/\/dp7.com.br\/wp-content\/uploads\/2026\/02\/01-gradiente-300x300.png 300w, https:\/\/dp7.com.br\/wp-content\/uploads\/2026\/02\/01-gradiente-150x150.png 150w, https:\/\/dp7.com.br\/wp-content\/uploads\/2026\/02\/01-gradiente-768x768.png 768w, https:\/\/dp7.com.br\/wp-content\/uploads\/2026\/02\/01-gradiente.png 1000w\" sizes=\"(max-width: 300px) 100vw, 300px\" \/>\t\t\t\t\t\t\t\t\t\t\t\t\t\t\t<\/div>\n\t\t\t\t<\/div>\n\t\t\t\t<div class=\"elementor-element elementor-element-21b23c7 elementor-widget elementor-widget-heading\" data-id=\"21b23c7\" data-element_type=\"widget\" data-e-type=\"widget\" data-widget_type=\"heading.default\">\n\t\t\t\t<div class=\"elementor-widget-container\">\n\t\t\t\t\t<h2 class=\"elementor-heading-title elementor-size-default\">Transformamos cliques em clientes!<\/h2>\t\t\t\t<\/div>\n\t\t\t\t<\/div>\n\t\t<div class=\"elementor-element elementor-element-30b7286 e-con-full e-flex e-con e-child\" data-id=\"30b7286\" data-element_type=\"container\" data-e-type=\"container\">\n\t\t<div class=\"elementor-element elementor-element-2873742 e-con-full e-flex e-con e-child\" data-id=\"2873742\" data-element_type=\"container\" data-e-type=\"container\">\n\t\t\t\t<div class=\"elementor-element elementor-element-a55dbc7 elementor-widget elementor-widget-text-editor\" data-id=\"a55dbc7\" data-element_type=\"widget\" data-e-type=\"widget\" data-widget_type=\"text-editor.default\">\n\t\t\t\t<div class=\"elementor-widget-container\">\n\t\t\t\t\t\t\t\t\t<p>Somos uma empresa de marketing com <strong>mais de R$ 4 milh\u00f5es de neg\u00f3cios gerados<\/strong> para nossos clientes!<\/p>\n<p>Aqui na DP7, fazemos<strong> tr\u00e1fego pago sem enrola\u00e7\u00e3o<\/strong> e trabalhamos suas redes sociais de forma estrat\u00e9gica, <strong>transformando cliques em vendas.<\/strong><\/p>\n<p>No momento, estamos preparando um novo portal, <b>em breve novidades!<\/b><\/p>\n<p>Enquanto isso, <strong>chame no WhatsApp<\/strong> e acompanhe a DP7 nas redes sociais.<\/p>\t\t\t\t\t\t\t\t<\/div>\n\t\t\t\t<\/div>\n\t\t\t\t<\/div>\n\t\t<div class=\"elementor-element elementor-element-4bba68d e-con-full e-flex e-con e-child\" data-id=\"4bba68d\" data-element_type=\"container\" data-e-type=\"container\">\n\t\t\t\t<div class=\"elementor-element elementor-element-1540a83 elementor-widget elementor-widget-image\" data-id=\"1540a83\" data-element_type=\"widget\" data-e-type=\"widget\" data-widget_type=\"image.default\">\n\t\t\t\t<div class=\"elementor-widget-container\">\n\t\t\t\t\t\t\t\t\t\t\t\t\t\t\t<img decoding=\"async\" width=\"1024\" height=\"862\" src=\"https:\/\/dp7.com.br\/wp-content\/uploads\/2026\/03\/DP7-2-1024x862.png\" class=\"attachment-large size-large wp-image-32\" alt=\"\" srcset=\"https:\/\/dp7.com.br\/wp-content\/uploads\/2026\/03\/DP7-2-1024x862.png 1024w, https:\/\/dp7.com.br\/wp-content\/uploads\/2026\/03\/DP7-2-300x253.png 300w, https:\/\/dp7.com.br\/wp-content\/uploads\/2026\/03\/DP7-2-768x647.png 768w, https:\/\/dp7.com.br\/wp-content\/uploads\/2026\/03\/DP7-2.png 1140w\" sizes=\"(max-width: 1024px) 100vw, 1024px\" \/>\t\t\t\t\t\t\t\t\t\t\t\t\t\t\t<\/div>\n\t\t\t\t<\/div>\n\t\t\t\t<\/div>\n\t\t\t\t<\/div>\n\t\t\t\t<div class=\"elementor-element elementor-element-b0853d9 elementor-shape-circle elementor-grid-0 e-grid-align-center elementor-widget elementor-widget-social-icons\" data-id=\"b0853d9\" data-element_type=\"widget\" data-e-type=\"widget\" data-widget_type=\"social-icons.default\">\n\t\t\t\t<div class=\"elementor-widget-container\">\n\t\t\t\t\t\t\t<div class=\"elementor-social-icons-wrapper elementor-grid\" role=\"list\">\n\t\t\t\t\t\t\t<span class=\"elementor-grid-item\" role=\"listitem\">\n\t\t\t\t\t<a class=\"elementor-icon elementor-social-icon elementor-social-icon-whatsapp elementor-repeater-item-375c97b\" href=\"https:\/\/wa.me\/551151940677\" target=\"_blank\">\n\t\t\t\t\t\t<span class=\"elementor-screen-only\">Whatsapp<\/span>\n\t\t\t\t\t\t<svg aria-hidden=\"true\" class=\"e-font-icon-svg e-fab-whatsapp\" viewBox=\"0 0 448 512\" xmlns=\"http:\/\/www.w3.org\/2000\/svg\"><path d=\"M380.9 97.1C339 55.1 283.2 32 223.9 32c-122.4 0-222 99.6-222 222 0 39.1 10.2 77.3 29.6 111L0 480l117.7-30.9c32.4 17.7 68.9 27 106.1 27h.1c122.3 0 224.1-99.6 224.1-222 0-59.3-25.2-115-67.1-157zm-157 341.6c-33.2 0-65.7-8.9-94-25.7l-6.7-4-69.8 18.3L72 359.2l-4.4-7c-18.5-29.4-28.2-63.3-28.2-98.2 0-101.7 82.8-184.5 184.6-184.5 49.3 0 95.6 19.2 130.4 54.1 34.8 34.9 56.2 81.2 56.1 130.5 0 101.8-84.9 184.6-186.6 184.6zm101.2-138.2c-5.5-2.8-32.8-16.2-37.9-18-5.1-1.9-8.8-2.8-12.5 2.8-3.7 5.6-14.3 18-17.6 21.8-3.2 3.7-6.5 4.2-12 1.4-32.6-16.3-54-29.1-75.5-66-5.7-9.8 5.7-9.1 16.3-30.3 1.8-3.7.9-6.9-.5-9.7-1.4-2.8-12.5-30.1-17.1-41.2-4.5-10.8-9.1-9.3-12.5-9.5-3.2-.2-6.9-.2-10.6-.2-3.7 0-9.7 1.4-14.8 6.9-5.1 5.6-19.4 19-19.4 46.3 0 27.3 19.9 53.7 22.6 57.4 2.8 3.7 39.1 59.7 94.8 83.8 35.2 15.2 49 16.5 66.6 13.9 10.7-1.6 32.8-13.4 37.4-26.4 4.6-13 4.6-24.1 3.2-26.4-1.3-2.5-5-3.9-10.5-6.6z\"><\/path><\/svg>\t\t\t\t\t<\/a>\n\t\t\t\t<\/span>\n\t\t\t\t\t\t\t<span class=\"elementor-grid-item\" role=\"listitem\">\n\t\t\t\t\t<a class=\"elementor-icon elementor-social-icon elementor-social-icon-instagram elementor-repeater-item-1794413\" href=\"https:\/\/www.instagram.com\/dp7mkt\/\" target=\"_blank\">\n\t\t\t\t\t\t<span class=\"elementor-screen-only\">Instagram<\/span>\n\t\t\t\t\t\t<svg aria-hidden=\"true\" class=\"e-font-icon-svg e-fab-instagram\" viewBox=\"0 0 448 512\" xmlns=\"http:\/\/www.w3.org\/2000\/svg\"><path d=\"M224.1 141c-63.6 0-114.9 51.3-114.9 114.9s51.3 114.9 114.9 114.9S339 319.5 339 255.9 287.7 141 224.1 141zm0 189.6c-41.1 0-74.7-33.5-74.7-74.7s33.5-74.7 74.7-74.7 74.7 33.5 74.7 74.7-33.6 74.7-74.7 74.7zm146.4-194.3c0 14.9-12 26.8-26.8 26.8-14.9 0-26.8-12-26.8-26.8s12-26.8 26.8-26.8 26.8 12 26.8 26.8zm76.1 27.2c-1.7-35.9-9.9-67.7-36.2-93.9-26.2-26.2-58-34.4-93.9-36.2-37-2.1-147.9-2.1-184.9 0-35.8 1.7-67.6 9.9-93.9 36.1s-34.4 58-36.2 93.9c-2.1 37-2.1 147.9 0 184.9 1.7 35.9 9.9 67.7 36.2 93.9s58 34.4 93.9 36.2c37 2.1 147.9 2.1 184.9 0 35.9-1.7 67.7-9.9 93.9-36.2 26.2-26.2 34.4-58 36.2-93.9 2.1-37 2.1-147.8 0-184.8zM398.8 388c-7.8 19.6-22.9 34.7-42.6 42.6-29.5 11.7-99.5 9-132.1 9s-102.7 2.6-132.1-9c-19.6-7.8-34.7-22.9-42.6-42.6-11.7-29.5-9-99.5-9-132.1s-2.6-102.7 9-132.1c7.8-19.6 22.9-34.7 42.6-42.6 29.5-11.7 99.5-9 132.1-9s102.7-2.6 132.1 9c19.6 7.8 34.7 22.9 42.6 42.6 11.7 29.5 9 99.5 9 132.1s2.7 102.7-9 132.1z\"><\/path><\/svg>\t\t\t\t\t<\/a>\n\t\t\t\t<\/span>\n\t\t\t\t\t\t\t<span class=\"elementor-grid-item\" role=\"listitem\">\n\t\t\t\t\t<a class=\"elementor-icon elementor-social-icon elementor-social-icon-linkedin elementor-repeater-item-5c998cb\" href=\"https:\/\/www.linkedin.com\/company\/dp7-mkt\" target=\"_blank\">\n\t\t\t\t\t\t<span class=\"elementor-screen-only\">Linkedin<\/span>\n\t\t\t\t\t\t<svg aria-hidden=\"true\" class=\"e-font-icon-svg e-fab-linkedin\" viewBox=\"0 0 448 512\" xmlns=\"http:\/\/www.w3.org\/2000\/svg\"><path d=\"M416 32H31.9C14.3 32 0 46.5 0 64.3v383.4C0 465.5 14.3 480 31.9 480H416c17.6 0 32-14.5 32-32.3V64.3c0-17.8-14.4-32.3-32-32.3zM135.4 416H69V202.2h66.5V416zm-33.2-243c-21.3 0-38.5-17.3-38.5-38.5S80.9 96 102.2 96c21.2 0 38.5 17.3 38.5 38.5 0 21.3-17.2 38.5-38.5 38.5zm282.1 243h-66.4V312c0-24.8-.5-56.7-34.5-56.7-34.6 0-39.9 27-39.9 54.9V416h-66.4V202.2h63.7v29.2h.9c8.9-16.8 30.6-34.5 62.9-34.5 67.2 0 79.7 44.3 79.7 101.9V416z\"><\/path><\/svg>\t\t\t\t\t<\/a>\n\t\t\t\t<\/span>\n\t\t\t\t\t\t\t<span class=\"elementor-grid-item\" role=\"listitem\">\n\t\t\t\t\t<a class=\"elementor-icon elementor-social-icon elementor-social-icon-facebook elementor-repeater-item-04368a7\" href=\"https:\/\/www.facebook.com\/dp7mkt\" target=\"_blank\">\n\t\t\t\t\t\t<span class=\"elementor-screen-only\">Facebook<\/span>\n\t\t\t\t\t\t<svg aria-hidden=\"true\" class=\"e-font-icon-svg e-fab-facebook\" viewBox=\"0 0 512 512\" xmlns=\"http:\/\/www.w3.org\/2000\/svg\"><path d=\"M504 256C504 119 393 8 256 8S8 119 8 256c0 123.78 90.69 226.38 209.25 245V327.69h-63V256h63v-54.64c0-62.15 37-96.48 93.67-96.48 27.14 0 55.52 4.84 55.52 4.84v61h-31.28c-30.8 0-40.41 19.12-40.41 38.73V256h68.78l-11 71.69h-57.78V501C413.31 482.38 504 379.78 504 256z\"><\/path><\/svg>\t\t\t\t\t<\/a>\n\t\t\t\t<\/span>\n\t\t\t\t\t<\/div>\n\t\t\t\t\t\t<\/div>\n\t\t\t\t<\/div>\n\t\t\t\t<div class=\"elementor-element elementor-element-d9f3ce5 elementor-widget elementor-widget-text-editor\" data-id=\"d9f3ce5\" data-element_type=\"widget\" data-e-type=\"widget\" data-widget_type=\"text-editor.default\">\n\t\t\t\t<div class=\"elementor-widget-container\">\n\t\t\t\t\t\t\t\t\t<p><a href=\"https:\/\/wa.me\/551151940677\" target=\"_blank\" rel=\"noopener\"><b>T +55 11 5194-0677<\/b>\u00a0<\/a><\/p><p><a href=\"https:\/\/share.google\/BJQ7GcC7mZTOxShTk\">Av. Eng. Armando de Arruda Pereira, 2937 Bloco C Cj18, S\u00e3o Paulo, Brazil 04309011<\/a><\/p><p>2026 | DP7 Growth Marketing | Todos os direitos reservados.<\/p>\t\t\t\t\t\t\t\t<\/div>\n\t\t\t\t<\/div>\n\t\t\t\t\t<\/div>\n\t\t\t\t<\/div>\n\t\t\t\t<\/div>\n\t\t","protected":false},"excerpt":{"rendered":"<p>Transformamos cliques em clientes! Somos uma empresa de marketing com mais de R$ 4 milh\u00f5es de neg\u00f3cios gerados para nossos clientes! Aqui na DP7, fazemos tr\u00e1fego pago sem enrola\u00e7\u00e3o e trabalhamos suas redes sociais de forma estrat\u00e9gica, transformando cliques em vendas. No momento, estamos preparando um novo portal, em breve novidades! Enquanto isso, chame no [&hellip;]<\/p>\n","protected":false},"author":1,"featured_media":13,"parent":0,"menu_order":0,"comment_status":"closed","ping_status":"closed","template":"elementor_canvas","meta":{"footnotes":""},"class_list":["post-9","page","type-page","status-publish","has-post-thumbnail","hentry"],"yoast_head":"<!-- This site is optimized with the Yoast SEO plugin v27.2 - https:\/\/yoast.com\/product\/yoast-seo-wordpress\/ -->\n<title>Site em constru\u00e7\u00e3o - Dp7<\/title>\n<meta name=\"description\" content=\"O nosso neg\u00f3cio \u00e9 divulgar o seu! Estamos construindo nosso portal, em breve novidades! Acompanhe nossas redes sociais e chame no WhatsApp.\" \/>\n<meta name=\"robots\" content=\"index, follow, max-snippet:-1, max-image-preview:large, max-video-preview:-1\" \/>\n<link rel=\"canonical\" href=\"https:\/\/dp7.com.br\/\" \/>\n<meta property=\"og:locale\" content=\"pt_BR\" \/>\n<meta property=\"og:type\" content=\"article\" \/>\n<meta property=\"og:title\" content=\"Site em constru\u00e7\u00e3o - Dp7\" \/>\n<meta property=\"og:description\" content=\"O nosso neg\u00f3cio \u00e9 divulgar o seu! Estamos construindo nosso portal, em breve novidades! Acompanhe nossas redes sociais e chame no WhatsApp.\" \/>\n<meta property=\"og:url\" content=\"https:\/\/dp7.com.br\/\" \/>\n<meta property=\"og:site_name\" content=\"Dp7\" \/>\n<meta property=\"article:publisher\" content=\"https:\/\/www.facebook.com\/dp7mkt\" \/>\n<meta property=\"article:modified_time\" content=\"2026-03-17T17:44:27+00:00\" \/>\n<meta property=\"og:image\" content=\"https:\/\/dp7.com.br\/wp-content\/uploads\/2026\/02\/01-gradiente.png\" \/>\n\t<meta property=\"og:image:width\" content=\"1000\" \/>\n\t<meta property=\"og:image:height\" content=\"1000\" \/>\n\t<meta property=\"og:image:type\" content=\"image\/png\" \/>\n<meta name=\"twitter:card\" content=\"summary_large_image\" \/>\n<meta name=\"twitter:label1\" content=\"Est. tempo de leitura\" \/>\n\t<meta name=\"twitter:data1\" content=\"1 minuto\" \/>\n<script type=\"application\/ld+json\" class=\"yoast-schema-graph\">{\"@context\":\"https:\/\/schema.org\",\"@graph\":[{\"@type\":\"WebPage\",\"@id\":\"https:\/\/dp7.com.br\/\",\"url\":\"https:\/\/dp7.com.br\/\",\"name\":\"Site em constru\u00e7\u00e3o - Dp7\",\"isPartOf\":{\"@id\":\"https:\/\/dp7.com.br\/#website\"},\"primaryImageOfPage\":{\"@id\":\"https:\/\/dp7.com.br\/#primaryimage\"},\"image\":{\"@id\":\"https:\/\/dp7.com.br\/#primaryimage\"},\"thumbnailUrl\":\"https:\/\/dp7.com.br\/wp-content\/uploads\/2026\/02\/01-gradiente.png\",\"datePublished\":\"2026-02-19T16:31:23+00:00\",\"dateModified\":\"2026-03-17T17:44:27+00:00\",\"description\":\"O nosso neg\u00f3cio \u00e9 divulgar o seu! Estamos construindo nosso portal, em breve novidades! Acompanhe nossas redes sociais e chame no WhatsApp.\",\"breadcrumb\":{\"@id\":\"https:\/\/dp7.com.br\/#breadcrumb\"},\"inLanguage\":\"pt-BR\",\"potentialAction\":[{\"@type\":\"ReadAction\",\"target\":[\"https:\/\/dp7.com.br\/\"]}]},{\"@type\":\"ImageObject\",\"inLanguage\":\"pt-BR\",\"@id\":\"https:\/\/dp7.com.br\/#primaryimage\",\"url\":\"https:\/\/dp7.com.br\/wp-content\/uploads\/2026\/02\/01-gradiente.png\",\"contentUrl\":\"https:\/\/dp7.com.br\/wp-content\/uploads\/2026\/02\/01-gradiente.png\",\"width\":1000,\"height\":1000,\"caption\":\"logotipo DP7\"},{\"@type\":\"BreadcrumbList\",\"@id\":\"https:\/\/dp7.com.br\/#breadcrumb\",\"itemListElement\":[{\"@type\":\"ListItem\",\"position\":1,\"name\":\"Home\",\"item\":\"https:\/\/dp7.com.br\/\"},{\"@type\":\"ListItem\",\"position\":2,\"name\":\"Site em constru\u00e7\u00e3o\"}]},{\"@type\":\"WebSite\",\"@id\":\"https:\/\/dp7.com.br\/#website\",\"url\":\"https:\/\/dp7.com.br\/\",\"name\":\"DP7\",\"description\":\"Growth Marketing\",\"publisher\":{\"@id\":\"https:\/\/dp7.com.br\/#organization\"},\"potentialAction\":[{\"@type\":\"SearchAction\",\"target\":{\"@type\":\"EntryPoint\",\"urlTemplate\":\"https:\/\/dp7.com.br\/?s={search_term_string}\"},\"query-input\":{\"@type\":\"PropertyValueSpecification\",\"valueRequired\":true,\"valueName\":\"search_term_string\"}}],\"inLanguage\":\"pt-BR\"},{\"@type\":\"Organization\",\"@id\":\"https:\/\/dp7.com.br\/#organization\",\"name\":\"DP7\",\"url\":\"https:\/\/dp7.com.br\/\",\"logo\":{\"@type\":\"ImageObject\",\"inLanguage\":\"pt-BR\",\"@id\":\"https:\/\/dp7.com.br\/#\/schema\/logo\/image\/\",\"url\":\"http:\/\/dp7.com.br\/wp-content\/uploads\/2026\/02\/01-gradiente.png\",\"contentUrl\":\"http:\/\/dp7.com.br\/wp-content\/uploads\/2026\/02\/01-gradiente.png\",\"width\":1000,\"height\":1000,\"caption\":\"DP7\"},\"image\":{\"@id\":\"https:\/\/dp7.com.br\/#\/schema\/logo\/image\/\"},\"sameAs\":[\"https:\/\/www.facebook.com\/dp7mkt\",\"https:\/\/www.instagram.com\/dp7mkt\/\",\"https:\/\/www.linkedin.com\/company\/dp7-mkt\"]}]}<\/script>\n<!-- \/ Yoast SEO plugin. -->","yoast_head_json":{"title":"Site em constru\u00e7\u00e3o - Dp7","description":"O nosso neg\u00f3cio \u00e9 divulgar o seu! Estamos construindo nosso portal, em breve novidades! Acompanhe nossas redes sociais e chame no WhatsApp.","robots":{"index":"index","follow":"follow","max-snippet":"max-snippet:-1","max-image-preview":"max-image-preview:large","max-video-preview":"max-video-preview:-1"},"canonical":"https:\/\/dp7.com.br\/","og_locale":"pt_BR","og_type":"article","og_title":"Site em constru\u00e7\u00e3o - Dp7","og_description":"O nosso neg\u00f3cio \u00e9 divulgar o seu! Estamos construindo nosso portal, em breve novidades! Acompanhe nossas redes sociais e chame no WhatsApp.","og_url":"https:\/\/dp7.com.br\/","og_site_name":"Dp7","article_publisher":"https:\/\/www.facebook.com\/dp7mkt","article_modified_time":"2026-03-17T17:44:27+00:00","og_image":[{"width":1000,"height":1000,"url":"https:\/\/dp7.com.br\/wp-content\/uploads\/2026\/02\/01-gradiente.png","type":"image\/png"}],"twitter_card":"summary_large_image","twitter_misc":{"Est. tempo de leitura":"1 minuto"},"schema":{"@context":"https:\/\/schema.org","@graph":[{"@type":"WebPage","@id":"https:\/\/dp7.com.br\/","url":"https:\/\/dp7.com.br\/","name":"Site em constru\u00e7\u00e3o - Dp7","isPartOf":{"@id":"https:\/\/dp7.com.br\/#website"},"primaryImageOfPage":{"@id":"https:\/\/dp7.com.br\/#primaryimage"},"image":{"@id":"https:\/\/dp7.com.br\/#primaryimage"},"thumbnailUrl":"https:\/\/dp7.com.br\/wp-content\/uploads\/2026\/02\/01-gradiente.png","datePublished":"2026-02-19T16:31:23+00:00","dateModified":"2026-03-17T17:44:27+00:00","description":"O nosso neg\u00f3cio \u00e9 divulgar o seu! Estamos construindo nosso portal, em breve novidades! Acompanhe nossas redes sociais e chame no WhatsApp.","breadcrumb":{"@id":"https:\/\/dp7.com.br\/#breadcrumb"},"inLanguage":"pt-BR","potentialAction":[{"@type":"ReadAction","target":["https:\/\/dp7.com.br\/"]}]},{"@type":"ImageObject","inLanguage":"pt-BR","@id":"https:\/\/dp7.com.br\/#primaryimage","url":"https:\/\/dp7.com.br\/wp-content\/uploads\/2026\/02\/01-gradiente.png","contentUrl":"https:\/\/dp7.com.br\/wp-content\/uploads\/2026\/02\/01-gradiente.png","width":1000,"height":1000,"caption":"logotipo DP7"},{"@type":"BreadcrumbList","@id":"https:\/\/dp7.com.br\/#breadcrumb","itemListElement":[{"@type":"ListItem","position":1,"name":"Home","item":"https:\/\/dp7.com.br\/"},{"@type":"ListItem","position":2,"name":"Site em constru\u00e7\u00e3o"}]},{"@type":"WebSite","@id":"https:\/\/dp7.com.br\/#website","url":"https:\/\/dp7.com.br\/","name":"DP7","description":"Growth Marketing","publisher":{"@id":"https:\/\/dp7.com.br\/#organization"},"potentialAction":[{"@type":"SearchAction","target":{"@type":"EntryPoint","urlTemplate":"https:\/\/dp7.com.br\/?s={search_term_string}"},"query-input":{"@type":"PropertyValueSpecification","valueRequired":true,"valueName":"search_term_string"}}],"inLanguage":"pt-BR"},{"@type":"Organization","@id":"https:\/\/dp7.com.br\/#organization","name":"DP7","url":"https:\/\/dp7.com.br\/","logo":{"@type":"ImageObject","inLanguage":"pt-BR","@id":"https:\/\/dp7.com.br\/#\/schema\/logo\/image\/","url":"http:\/\/dp7.com.br\/wp-content\/uploads\/2026\/02\/01-gradiente.png","contentUrl":"http:\/\/dp7.com.br\/wp-content\/uploads\/2026\/02\/01-gradiente.png","width":1000,"height":1000,"caption":"DP7"},"image":{"@id":"https:\/\/dp7.com.br\/#\/schema\/logo\/image\/"},"sameAs":["https:\/\/www.facebook.com\/dp7mkt","https:\/\/www.instagram.com\/dp7mkt\/","https:\/\/www.linkedin.com\/company\/dp7-mkt"]}]}},"jetpack_sharing_enabled":true,"_links":{"self":[{"href":"https:\/\/dp7.com.br\/index.php?rest_route=\/wp\/v2\/pages\/9","targetHints":{"allow":["GET"]}}],"collection":[{"href":"https:\/\/dp7.com.br\/index.php?rest_route=\/wp\/v2\/pages"}],"about":[{"href":"https:\/\/dp7.com.br\/index.php?rest_route=\/wp\/v2\/types\/page"}],"author":[{"embeddable":true,"href":"https:\/\/dp7.com.br\/index.php?rest_route=\/wp\/v2\/users\/1"}],"replies":[{"embeddable":true,"href":"https:\/\/dp7.com.br\/index.php?rest_route=%2Fwp%2Fv2%2Fcomments&post=9"}],"version-history":[{"count":28,"href":"https:\/\/dp7.com.br\/index.php?rest_route=\/wp\/v2\/pages\/9\/revisions"}],"predecessor-version":[{"id":44,"href":"https:\/\/dp7.com.br\/index.php?rest_route=\/wp\/v2\/pages\/9\/revisions\/44"}],"wp:featuredmedia":[{"embeddable":true,"href":"https:\/\/dp7.com.br\/index.php?rest_route=\/wp\/v2\/media\/13"}],"wp:attachment":[{"href":"https:\/\/dp7.com.br\/index.php?rest_route=%2Fwp%2Fv2%2Fmedia&parent=9"}],"curies":[{"name":"wp","href":"https:\/\/api.w.org\/{rel}","templated":true}]}}